{"id":90009,"date":"2025-06-25T10:23:46","date_gmt":"2025-06-25T09:23:46","guid":{"rendered":"https:\/\/ruotequipe.com\/?post_type=product&#038;p=90009"},"modified":"2026-03-03T11:12:12","modified_gmt":"2026-03-03T10:12:12","slug":"wrangler-bls-bm","status":"publish","type":"product","link":"https:\/\/ruotequipe.com\/en\/prodotto\/wrangler-bls-bm\/","title":{"rendered":"WRANGLER BLS-BM"},"content":{"rendered":"<p>Cerchio in lega con design offroad.<\/p>\n<ul>\n<li><strong>Finitura colore:<\/strong> Black Matt.<\/li>\n<li><strong>Misura disponibile:<\/strong> 8,5j x 17, 8j x 18 e 9j x 20<\/li>\n<li><strong>Disponibile per modello auto:<\/strong> Jeep Wrangler, Jeep Gladiator<\/li>\n<\/ul>\n<p>Tutti i marchi riportati appartengono ai leggitimi proprietari; marchi di terzi, nomi di prodotti, nomi commerciali, nomi corporativi e societ\u00e0 citati possono essere marchi di propriet\u00e0 dei rispettivi titolari o marchi registrati di altre societ\u00e0 e sono stati usati a puro scopo esplicativo ed a beneficio del possessore, senza alcun fine di violazione dei diritti di Copyright vigenti.<\/p>\n","protected":false},"excerpt":{"rendered":"<p>Cerchio in lega con design offroad, disponibile con finitura Black Matt. Misura 8,5j x 17, 8j x 18 e 9j x 20 specifico per Jeep Wrangler e Gladiator.<\/p>\n","protected":false},"featured_media":90030,"template":"","meta":[],"product_brand":[57],"product_cat":[23,90],"product_tag":[140,127,124,241,243,58,244,242],"class_list":{"0":"post-90009","1":"product","2":"type-product","3":"status-publish","4":"has-post-thumbnail","6":"product_brand-jeep","7":"product_cat-cerchi-in-lega","8":"product_cat-ricambi-omologati","9":"product_tag-140","10":"product_tag-127","11":"product_tag-124","12":"product_tag-black-matt","13":"product_tag-gladiator","14":"product_tag-jeep","15":"product_tag-offroad","16":"product_tag-wrangler","17":"pa_colore-black-matt","18":"pa_marchi-premium-jeep","19":"pa_misura-43","20":"pa_misura-44","21":"pa_misura-46","22":"pa_modello-gladiator","23":"pa_modello-wrangler","25":"first","26":"instock","27":"shipping-taxable","28":"purchasable","29":"product-type-variable"},"_links":{"self":[{"href":"https:\/\/ruotequipe.com\/en\/wp-json\/wp\/v2\/product\/90009","targetHints":{"allow":["GET"]}}],"collection":[{"href":"https:\/\/ruotequipe.com\/en\/wp-json\/wp\/v2\/product"}],"about":[{"href":"https:\/\/ruotequipe.com\/en\/wp-json\/wp\/v2\/types\/product"}],"wp:featuredmedia":[{"embeddable":true,"href":"https:\/\/ruotequipe.com\/en\/wp-json\/wp\/v2\/media\/90030"}],"wp:attachment":[{"href":"https:\/\/ruotequipe.com\/en\/wp-json\/wp\/v2\/media?parent=90009"}],"wp:term":[{"taxonomy":"product_brand","embeddable":true,"href":"https:\/\/ruotequipe.com\/en\/wp-json\/wp\/v2\/product_brand?post=90009"},{"taxonomy":"product_cat","embeddable":true,"href":"https:\/\/ruotequipe.com\/en\/wp-json\/wp\/v2\/product_cat?post=90009"},{"taxonomy":"product_tag","embeddable":true,"href":"https:\/\/ruotequipe.com\/en\/wp-json\/wp\/v2\/product_tag?post=90009"}],"curies":[{"name":"wp","href":"https:\/\/api.w.org\/{rel}","templated":true}]}}