{"id":89991,"date":"2025-06-25T10:07:30","date_gmt":"2025-06-25T09:07:30","guid":{"rendered":"https:\/\/ruotequipe.com\/?post_type=product&#038;p=89991"},"modified":"2025-06-26T09:51:53","modified_gmt":"2025-06-26T08:51:53","slug":"ducato-ovlbm","status":"publish","type":"product","link":"https:\/\/ruotequipe.com\/en\/prodotto\/ducato-ovlbm\/","title":{"rendered":"DUCATO OVLBM"},"content":{"rendered":"<div id=\"tab-description\" class=\"woocommerce-Tabs-panel woocommerce-Tabs-panel--description panel entry-content wc-tab\" role=\"tabpanel\" aria-labelledby=\"tab-title-description\">\n<div class=\"post-content\">\n<h3 class=\"fusion-woocommerce-tab-title fusion-responsive-typography-calculated\" data-fontsize=\"18\" data-lineheight=\"22.5px\">Descrizione<\/h3>\n<p>Cerchio in lega a multirazza.<\/p>\n<ul>\n<li><strong>Finitura colore:<\/strong> Black Matt.<\/li>\n<li><strong>Misura disponibile:<\/strong> 6,5j x 16 e 7j x 17.<\/li>\n<li><strong>Disponibile per modello auto:<\/strong> Fiat Ducato Heavy, Fiat Ducato Light, Fiat E-Ducato, Fiat Ducato Camper.<\/li>\n<\/ul>\n<p>Tutti i marchi riportati appartengono ai leggitimi proprietari; marchi di terzi, nomi di prodotti, nomi commerciali, nomi corporativi e societ\u00e0 citati possono essere marchi di propriet\u00e0 dei rispettivi titolari o marchi registrati di altre societ\u00e0 e sono stati usati a puro scopo esplicativo ed a beneficio del possessore, senza alcun fine di violazione dei diritti di Copyright vigenti.<\/p>\n<\/div>\n<\/div>\n","protected":false},"excerpt":{"rendered":"<p>Cerchio in lega a multirazza, disponibile con finitura Black Matt. Misura 6,5j x 16 e 7j x 17, specifico per Fiat Ducato Heavy, Fiat Ducato Light, Fiat E-Ducato, Fiat Ducato Camper.<\/p>\n","protected":false},"featured_media":89999,"template":"","meta":[],"product_brand":[80],"product_cat":[23,90],"product_tag":[146,140,239,241,236,237,238,63,235],"class_list":{"0":"post-89991","1":"product","2":"type-product","3":"status-publish","4":"has-post-thumbnail","6":"product_brand-fiat","7":"product_cat-cerchi-in-lega","8":"product_cat-ricambi-omologati","9":"product_tag-146","10":"product_tag-140","11":"product_tag-239","12":"product_tag-black-matt","13":"product_tag-ducato","14":"product_tag-ducato-camper","15":"product_tag-e-ducato","16":"product_tag-fiat","17":"product_tag-fiat-veicoli-commerciali","18":"pa_colore-black-matt","19":"pa_marchi-premium-fiat","20":"pa_misura-42","21":"pa_misura-43","22":"pa_modello-ducato-camper","23":"pa_modello-ducato-heavy","24":"pa_modello-ducato-light","25":"pa_modello-e-ducato","27":"first","28":"instock","29":"shipping-taxable","30":"purchasable","31":"product-type-variable"},"_links":{"self":[{"href":"https:\/\/ruotequipe.com\/en\/wp-json\/wp\/v2\/product\/89991","targetHints":{"allow":["GET"]}}],"collection":[{"href":"https:\/\/ruotequipe.com\/en\/wp-json\/wp\/v2\/product"}],"about":[{"href":"https:\/\/ruotequipe.com\/en\/wp-json\/wp\/v2\/types\/product"}],"wp:featuredmedia":[{"embeddable":true,"href":"https:\/\/ruotequipe.com\/en\/wp-json\/wp\/v2\/media\/89999"}],"wp:attachment":[{"href":"https:\/\/ruotequipe.com\/en\/wp-json\/wp\/v2\/media?parent=89991"}],"wp:term":[{"taxonomy":"product_brand","embeddable":true,"href":"https:\/\/ruotequipe.com\/en\/wp-json\/wp\/v2\/product_brand?post=89991"},{"taxonomy":"product_cat","embeddable":true,"href":"https:\/\/ruotequipe.com\/en\/wp-json\/wp\/v2\/product_cat?post=89991"},{"taxonomy":"product_tag","embeddable":true,"href":"https:\/\/ruotequipe.com\/en\/wp-json\/wp\/v2\/product_tag?post=89991"}],"curies":[{"name":"wp","href":"https:\/\/api.w.org\/{rel}","templated":true}]}}