{"id":89798,"date":"2025-06-24T11:01:46","date_gmt":"2025-06-24T10:01:46","guid":{"rendered":"https:\/\/ruotequipe.com\/?post_type=product&#038;p=89798"},"modified":"2025-06-26T10:14:48","modified_gmt":"2025-06-26T09:14:48","slug":"drka-anthracite","status":"publish","type":"product","link":"https:\/\/ruotequipe.com\/en\/prodotto\/drka-anthracite\/","title":{"rendered":"DRKA ANTHRACITE"},"content":{"rendered":"<p>Cerchio in lega con design a 5 fori.<\/p>\n<ul>\n<li><strong>Finitura colore:<\/strong> AnthraciteGloss<\/li>\n<li><strong>Misura disponibile:<\/strong> 8j x 18, 8j x 19, 9j x 19, 8,5j x 20<\/li>\n<li><strong>Disponibile per modello auto:<\/strong> Alfa Romeo Tonale, Giulia, Stelvio<\/li>\n<\/ul>\n<p>Tutti i marchi riportati appartengono ai leggitimi proprietari; marchi di terzi, nomi di prodotti, nomi commerciali, nomi corporativi e societ\u00e0 citati possono essere marchi di propriet\u00e0 dei rispettivi titolari o marchi registrati di altre societ\u00e0 e sono stati usati a puro scopo esplicativo ed a beneficio del possessore, senza alcun fine di violazione dei diritti di Copyright vigenti.<\/p>\n","protected":false},"excerpt":{"rendered":"<p>Cerchio in lega con design a 5 fori, disponibile con finitura Anthracite Gloss. Misura 8j x 18, 8j x 19 e 9j x 19, 8,5j x 20, specifico per Alfa Romeo Tonale, Giulia e Stelvio.<\/p>\n","protected":false},"featured_media":89794,"template":"","meta":[],"product_brand":[55],"product_cat":[23,90],"product_tag":[127,133,124,56,67,65,85,69],"class_list":{"0":"post-89798","1":"product","2":"type-product","3":"status-publish","4":"has-post-thumbnail","6":"product_brand-alfa-romeo","7":"product_cat-cerchi-in-lega","8":"product_cat-ricambi-omologati","9":"product_tag-127","10":"product_tag-133","11":"product_tag-124","12":"product_tag-alfa-romeo","13":"product_tag-giulia","14":"product_tag-stelvio","15":"product_tag-tonale","16":"product_tag-veloce","17":"pa_colore-anthracite-gloss","18":"pa_marchi-premium-alfa-romeo","19":"pa_misura-44","20":"pa_misura-19-8j","21":"pa_misura-19-9j","22":"pa_misura-46","23":"pa_modello-giulia","24":"pa_modello-stelvio","25":"pa_modello-tonale","27":"first","28":"instock","29":"shipping-taxable","30":"purchasable","31":"product-type-variable"},"_links":{"self":[{"href":"https:\/\/ruotequipe.com\/en\/wp-json\/wp\/v2\/product\/89798","targetHints":{"allow":["GET"]}}],"collection":[{"href":"https:\/\/ruotequipe.com\/en\/wp-json\/wp\/v2\/product"}],"about":[{"href":"https:\/\/ruotequipe.com\/en\/wp-json\/wp\/v2\/types\/product"}],"wp:featuredmedia":[{"embeddable":true,"href":"https:\/\/ruotequipe.com\/en\/wp-json\/wp\/v2\/media\/89794"}],"wp:attachment":[{"href":"https:\/\/ruotequipe.com\/en\/wp-json\/wp\/v2\/media?parent=89798"}],"wp:term":[{"taxonomy":"product_brand","embeddable":true,"href":"https:\/\/ruotequipe.com\/en\/wp-json\/wp\/v2\/product_brand?post=89798"},{"taxonomy":"product_cat","embeddable":true,"href":"https:\/\/ruotequipe.com\/en\/wp-json\/wp\/v2\/product_cat?post=89798"},{"taxonomy":"product_tag","embeddable":true,"href":"https:\/\/ruotequipe.com\/en\/wp-json\/wp\/v2\/product_tag?post=89798"}],"curies":[{"name":"wp","href":"https:\/\/api.w.org\/{rel}","templated":true}]}}