{"id":89656,"date":"2025-05-29T09:37:48","date_gmt":"2025-05-29T08:37:48","guid":{"rendered":"https:\/\/ruotequipe.com\/?post_type=product&#038;p=89656"},"modified":"2025-06-26T09:22:30","modified_gmt":"2025-06-26T08:22:30","slug":"500-50927758","status":"publish","type":"product","link":"https:\/\/ruotequipe.com\/en\/prodotto\/500-50927758\/","title":{"rendered":"500 50927758"},"content":{"rendered":"<p>Cerchio in lega con design a multirazza.<\/p>\n<ul>\n<li><strong>Finitura colore:<\/strong> Black Gloss.<\/li>\n<li><strong>Misura disponibile:<\/strong> 5,5j x 14<\/li>\n<li><strong>Codice Originale :<\/strong>50927758<\/li>\n<li><strong>Disponibile per modello auto:<\/strong> Fiat 500<\/li>\n<\/ul>\n<p>Tutti i marchi riportati appartengono ai leggitimi proprietari; marchi di terzi, nomi di prodotti, nomi commerciali, nomi corporativi e societ\u00e0 citati possono essere marchi di propriet\u00e0 dei rispettivi titolari o marchi registrati di altre societ\u00e0 e sono stati usati a puro scopo esplicativo ed a beneficio del possessore, senza alcun fine di violazione dei diritti di Copyright vigenti.<\/p>\n","protected":false},"excerpt":{"rendered":"<p>Cerchio in lega con design a 5 razze ad Y, disponibile con finitura Black Gloss. Misura 8,5j x 20, specifico per Alfa Romeo Stelvio (No QV).<\/p>\n","protected":false},"featured_media":89657,"template":"","meta":[],"product_brand":[80],"product_cat":[23,24],"product_tag":[144,70,81,63],"class_list":{"0":"post-89656","1":"product","2":"type-product","3":"status-publish","4":"has-post-thumbnail","6":"product_brand-fiat","7":"product_cat-cerchi-in-lega","8":"product_cat-originali","9":"product_tag-144","10":"product_tag-70","11":"product_tag-500-hybrid","12":"product_tag-fiat","13":"pa_colore-black-gloss","14":"pa_marchi-premium-fiat","15":"pa_misura-40","16":"pa_modello-99","18":"first","19":"instock","20":"shipping-taxable","21":"purchasable","22":"product-type-simple"},"_links":{"self":[{"href":"https:\/\/ruotequipe.com\/en\/wp-json\/wp\/v2\/product\/89656","targetHints":{"allow":["GET"]}}],"collection":[{"href":"https:\/\/ruotequipe.com\/en\/wp-json\/wp\/v2\/product"}],"about":[{"href":"https:\/\/ruotequipe.com\/en\/wp-json\/wp\/v2\/types\/product"}],"wp:featuredmedia":[{"embeddable":true,"href":"https:\/\/ruotequipe.com\/en\/wp-json\/wp\/v2\/media\/89657"}],"wp:attachment":[{"href":"https:\/\/ruotequipe.com\/en\/wp-json\/wp\/v2\/media?parent=89656"}],"wp:term":[{"taxonomy":"product_brand","embeddable":true,"href":"https:\/\/ruotequipe.com\/en\/wp-json\/wp\/v2\/product_brand?post=89656"},{"taxonomy":"product_cat","embeddable":true,"href":"https:\/\/ruotequipe.com\/en\/wp-json\/wp\/v2\/product_cat?post=89656"},{"taxonomy":"product_tag","embeddable":true,"href":"https:\/\/ruotequipe.com\/en\/wp-json\/wp\/v2\/product_tag?post=89656"}],"curies":[{"name":"wp","href":"https:\/\/api.w.org\/{rel}","templated":true}]}}