{"id":89653,"date":"2025-05-29T09:24:15","date_gmt":"2025-05-29T08:24:15","guid":{"rendered":"https:\/\/ruotequipe.com\/?post_type=product&#038;p=89653"},"modified":"2025-12-28T11:31:59","modified_gmt":"2025-12-28T10:31:59","slug":"stelvio-156117310","status":"publish","type":"product","link":"https:\/\/ruotequipe.com\/en\/prodotto\/stelvio-156117310\/","title":{"rendered":"STELVIO 156117310"},"content":{"rendered":"<p>Cerchio in lega con design a 5 razze ad Y.<\/p>\n<ul>\n<li><strong>Finitura colore:<\/strong> Black Gloss.<\/li>\n<li><strong>Misura disponibile:<\/strong> 8,5j x 20<\/li>\n<li><strong>Codice Originale :<\/strong>156117310<\/li>\n<li><strong>Disponibile per modello auto:<\/strong> Alfa Romeo Stelvio (No QV).<\/li>\n<\/ul>\n<p>Tutti i marchi riportati appartengono ai leggitimi proprietari; marchi di terzi, nomi di prodotti, nomi commerciali, nomi corporativi e societ\u00e0 citati possono essere marchi di propriet\u00e0 dei rispettivi titolari o marchi registrati di altre societ\u00e0 e sono stati usati a puro scopo esplicativo ed a beneficio del possessore, senza alcun fine di violazione dei diritti di Copyright vigenti.<\/p>\n","protected":false},"excerpt":{"rendered":"<p>Cerchio in lega con design a 5 razze ad Y, disponibile con finitura Black Gloss. Misura 8,5j x 20, specifico per Alfa Romeo Stelvio (No QV).<\/p>\n","protected":false},"featured_media":89654,"template":"","meta":[],"product_brand":[55],"product_cat":[23,24],"product_tag":[124,56,126,337,65,69],"class_list":{"0":"post-89653","1":"product","2":"type-product","3":"status-publish","4":"has-post-thumbnail","6":"product_brand-alfa-romeo","7":"product_cat-cerchi-in-lega","8":"product_cat-originali","9":"product_tag-124","10":"product_tag-alfa-romeo","11":"product_tag-genuine","12":"product_tag-oem","13":"product_tag-stelvio","14":"product_tag-veloce","15":"pa_colore-black-gloss","16":"pa_marchi-premium-alfa-romeo","17":"pa_misura-46","18":"pa_modello-stelvio","20":"first","21":"instock","22":"featured","23":"shipping-taxable","24":"purchasable","25":"product-type-simple"},"_links":{"self":[{"href":"https:\/\/ruotequipe.com\/en\/wp-json\/wp\/v2\/product\/89653","targetHints":{"allow":["GET"]}}],"collection":[{"href":"https:\/\/ruotequipe.com\/en\/wp-json\/wp\/v2\/product"}],"about":[{"href":"https:\/\/ruotequipe.com\/en\/wp-json\/wp\/v2\/types\/product"}],"wp:featuredmedia":[{"embeddable":true,"href":"https:\/\/ruotequipe.com\/en\/wp-json\/wp\/v2\/media\/89654"}],"wp:attachment":[{"href":"https:\/\/ruotequipe.com\/en\/wp-json\/wp\/v2\/media?parent=89653"}],"wp:term":[{"taxonomy":"product_brand","embeddable":true,"href":"https:\/\/ruotequipe.com\/en\/wp-json\/wp\/v2\/product_brand?post=89653"},{"taxonomy":"product_cat","embeddable":true,"href":"https:\/\/ruotequipe.com\/en\/wp-json\/wp\/v2\/product_cat?post=89653"},{"taxonomy":"product_tag","embeddable":true,"href":"https:\/\/ruotequipe.com\/en\/wp-json\/wp\/v2\/product_tag?post=89653"}],"curies":[{"name":"wp","href":"https:\/\/api.w.org\/{rel}","templated":true}]}}