{"id":89588,"date":"2025-05-22T09:46:24","date_gmt":"2025-05-22T08:46:24","guid":{"rendered":"https:\/\/ruotequipe.com\/?post_type=product&#038;p=89588"},"modified":"2025-06-26T09:18:14","modified_gmt":"2025-06-26T08:18:14","slug":"tonale-lrb","status":"publish","type":"product","link":"https:\/\/ruotequipe.com\/en\/prodotto\/tonale-lrb\/","title":{"rendered":"TONALE LRB"},"content":{"rendered":"<p>Cerchio in lega con design a 5 fori.<\/p>\n<ul>\n<li><strong>Finitura colore:<\/strong> Black Gloss<\/li>\n<li><strong>Misura disponibile:<\/strong> 7,5j x 17 e 8j x 18<\/li>\n<li><strong>Disponibile per modello auto:<\/strong> Alfa Romeo Tonale<\/li>\n<\/ul>\n<p>Tutti i marchi riportati appartengono ai leggitimi proprietari; marchi di terzi, nomi di prodotti, nomi commerciali, nomi corporativi e societ\u00e0 citati possono essere marchi di propriet\u00e0 dei rispettivi titolari o marchi registrati di altre societ\u00e0 e sono stati usati a puro scopo esplicativo ed a beneficio del possessore, senza alcun fine di violazione dei diritti di Copyright vigenti.<\/p>\n","protected":false},"excerpt":{"rendered":"<p>Cerchio in lega con design a 5 fori, disponibile con finitura Black Gloss. Misura 7,5j x 17 e 8j x 18, specifico per Alfa Romeo Tonale.<\/p>\n","protected":false},"featured_media":89589,"template":"","meta":[],"product_brand":[55],"product_cat":[23,90],"product_tag":[127,56,85],"class_list":{"0":"post-89588","1":"product","2":"type-product","3":"status-publish","4":"has-post-thumbnail","6":"product_brand-alfa-romeo","7":"product_cat-cerchi-in-lega","8":"product_cat-ricambi-omologati","9":"product_tag-127","10":"product_tag-alfa-romeo","11":"product_tag-tonale","12":"pa_colore-black-gloss","13":"pa_marchi-premium-alfa-romeo","14":"pa_misura-43","15":"pa_misura-44","16":"pa_modello-tonale","18":"first","19":"instock","20":"featured","21":"shipping-taxable","22":"purchasable","23":"product-type-variable"},"_links":{"self":[{"href":"https:\/\/ruotequipe.com\/en\/wp-json\/wp\/v2\/product\/89588","targetHints":{"allow":["GET"]}}],"collection":[{"href":"https:\/\/ruotequipe.com\/en\/wp-json\/wp\/v2\/product"}],"about":[{"href":"https:\/\/ruotequipe.com\/en\/wp-json\/wp\/v2\/types\/product"}],"wp:featuredmedia":[{"embeddable":true,"href":"https:\/\/ruotequipe.com\/en\/wp-json\/wp\/v2\/media\/89589"}],"wp:attachment":[{"href":"https:\/\/ruotequipe.com\/en\/wp-json\/wp\/v2\/media?parent=89588"}],"wp:term":[{"taxonomy":"product_brand","embeddable":true,"href":"https:\/\/ruotequipe.com\/en\/wp-json\/wp\/v2\/product_brand?post=89588"},{"taxonomy":"product_cat","embeddable":true,"href":"https:\/\/ruotequipe.com\/en\/wp-json\/wp\/v2\/product_cat?post=89588"},{"taxonomy":"product_tag","embeddable":true,"href":"https:\/\/ruotequipe.com\/en\/wp-json\/wp\/v2\/product_tag?post=89588"}],"curies":[{"name":"wp","href":"https:\/\/api.w.org\/{rel}","templated":true}]}}