{"id":89580,"date":"2025-05-22T09:05:00","date_gmt":"2025-05-22T08:05:00","guid":{"rendered":"https:\/\/ruotequipe.com\/?post_type=product&#038;p=89580"},"modified":"2025-06-26T08:39:35","modified_gmt":"2025-06-26T07:39:35","slug":"500x-50927534","status":"publish","type":"product","link":"https:\/\/ruotequipe.com\/en\/prodotto\/500x-50927534\/","title":{"rendered":"500X 50927534"},"content":{"rendered":"<div id=\"tab-description\" class=\"woocommerce-Tabs-panel woocommerce-Tabs-panel--description panel entry-content wc-tab\" role=\"tabpanel\" aria-labelledby=\"tab-title-description\">\n<div class=\"post-content\">\n<h3 class=\"fusion-woocommerce-tab-title fusion-responsive-typography-calculated\" data-fontsize=\"18\" data-lineheight=\"22.5px\">Descrizione<\/h3>\n<p>Cerchio in lega con design a 5 razze.<\/p>\n<ul>\n<li><strong>Finitura colore:<\/strong> Dark matt polished<\/li>\n<li><strong>Misura disponibile:<\/strong> 7j x 18<\/li>\n<li><strong>Codice Originale :\u00a0<\/strong>50927534<\/li>\n<li><strong>Disponibile per modello auto:<\/strong> Fiat 500X<\/li>\n<\/ul>\n<p>Tutti i marchi riportati appartengono ai leggitimi proprietari; marchi di terzi, nomi di prodotti, nomi commerciali, nomi corporativi e societ\u00e0 citati possono essere marchi di propriet\u00e0 dei rispettivi titolari o marchi registrati di altre societ\u00e0 e sono stati usati a puro scopo esplicativo ed a beneficio del possessore, senza alcun fine di violazione dei diritti di Copyright vigenti.<\/p>\n<\/div>\n<\/div>\n","protected":false},"excerpt":{"rendered":"<p>Cerchio in lega con design a 5 razze, colorazione Dark matt polished. Misura 7j x 18, specifico per Fiat 500X.<\/p>\n","protected":false},"featured_media":89582,"template":"","meta":[],"product_brand":[80],"product_cat":[23,24],"product_tag":[127,86,63],"class_list":{"0":"post-89580","1":"product","2":"type-product","3":"status-publish","4":"has-post-thumbnail","6":"product_brand-fiat","7":"product_cat-cerchi-in-lega","8":"product_cat-originali","9":"product_tag-127","10":"product_tag-500x","11":"product_tag-fiat","12":"pa_colore-dark-matt-polished","13":"pa_marchi-premium-fiat","14":"pa_misura-44","15":"pa_modello-500x","17":"first","18":"instock","19":"shipping-taxable","20":"purchasable","21":"product-type-simple"},"_links":{"self":[{"href":"https:\/\/ruotequipe.com\/en\/wp-json\/wp\/v2\/product\/89580","targetHints":{"allow":["GET"]}}],"collection":[{"href":"https:\/\/ruotequipe.com\/en\/wp-json\/wp\/v2\/product"}],"about":[{"href":"https:\/\/ruotequipe.com\/en\/wp-json\/wp\/v2\/types\/product"}],"wp:featuredmedia":[{"embeddable":true,"href":"https:\/\/ruotequipe.com\/en\/wp-json\/wp\/v2\/media\/89582"}],"wp:attachment":[{"href":"https:\/\/ruotequipe.com\/en\/wp-json\/wp\/v2\/media?parent=89580"}],"wp:term":[{"taxonomy":"product_brand","embeddable":true,"href":"https:\/\/ruotequipe.com\/en\/wp-json\/wp\/v2\/product_brand?post=89580"},{"taxonomy":"product_cat","embeddable":true,"href":"https:\/\/ruotequipe.com\/en\/wp-json\/wp\/v2\/product_cat?post=89580"},{"taxonomy":"product_tag","embeddable":true,"href":"https:\/\/ruotequipe.com\/en\/wp-json\/wp\/v2\/product_tag?post=89580"}],"curies":[{"name":"wp","href":"https:\/\/api.w.org\/{rel}","templated":true}]}}