{"id":89578,"date":"2025-05-21T09:48:27","date_gmt":"2025-05-21T08:48:27","guid":{"rendered":"https:\/\/ruotequipe.com\/?post_type=product&#038;p=89578"},"modified":"2025-06-24T14:26:56","modified_gmt":"2025-06-24T13:26:56","slug":"500x-735602471","status":"publish","type":"product","link":"https:\/\/ruotequipe.com\/en\/prodotto\/500x-735602471\/","title":{"rendered":"500X 735602471"},"content":{"rendered":"<p>Cerchio in lega con design a 5 razze.<\/p>\n<ul>\n<li><strong>Finitura colore:<\/strong> Matt black polished<\/li>\n<li><strong>Misura disponibile:<\/strong> 7j x 17<\/li>\n<li><strong>Codice Originale :<\/strong> 735602471<\/li>\n<li><strong>Disponibile per modello auto:<\/strong> Fiat 500X<\/li>\n<\/ul>\n<p>Tutti i marchi riportati appartengono ai leggitimi proprietari; marchi di terzi, nomi di prodotti, nomi commerciali, nomi corporativi e societ\u00e0 citati possono essere marchi di propriet\u00e0 dei rispettivi titolari o marchi registrati di altre societ\u00e0 e sono stati usati a puro scopo esplicativo ed a beneficio del possessore, senza alcun fine di violazione dei diritti di Copyright vigenti.<\/p>\n","protected":false},"excerpt":{"rendered":"<p>Cerchio in lega con design a 5 razze, colorazione Matt black polished. Misura 7j x 17, specifico per Fiat 500X.<\/p>\n","protected":false},"featured_media":89579,"template":"","meta":[],"product_brand":[80],"product_cat":[23,24],"product_tag":[140,86,63],"class_list":{"0":"post-89578","1":"product","2":"type-product","3":"status-publish","4":"has-post-thumbnail","6":"product_brand-fiat","7":"product_cat-cerchi-in-lega","8":"product_cat-originali","9":"product_tag-140","10":"product_tag-500x","11":"product_tag-fiat","12":"pa_colore-matt-black-polished","13":"pa_marchi-premium-fiat","14":"pa_misura-43","15":"pa_modello-500x","17":"first","18":"instock","19":"shipping-taxable","20":"purchasable","21":"product-type-simple"},"_links":{"self":[{"href":"https:\/\/ruotequipe.com\/en\/wp-json\/wp\/v2\/product\/89578","targetHints":{"allow":["GET"]}}],"collection":[{"href":"https:\/\/ruotequipe.com\/en\/wp-json\/wp\/v2\/product"}],"about":[{"href":"https:\/\/ruotequipe.com\/en\/wp-json\/wp\/v2\/types\/product"}],"wp:featuredmedia":[{"embeddable":true,"href":"https:\/\/ruotequipe.com\/en\/wp-json\/wp\/v2\/media\/89579"}],"wp:attachment":[{"href":"https:\/\/ruotequipe.com\/en\/wp-json\/wp\/v2\/media?parent=89578"}],"wp:term":[{"taxonomy":"product_brand","embeddable":true,"href":"https:\/\/ruotequipe.com\/en\/wp-json\/wp\/v2\/product_brand?post=89578"},{"taxonomy":"product_cat","embeddable":true,"href":"https:\/\/ruotequipe.com\/en\/wp-json\/wp\/v2\/product_cat?post=89578"},{"taxonomy":"product_tag","embeddable":true,"href":"https:\/\/ruotequipe.com\/en\/wp-json\/wp\/v2\/product_tag?post=89578"}],"curies":[{"name":"wp","href":"https:\/\/api.w.org\/{rel}","templated":true}]}}