{"id":89576,"date":"2025-05-21T09:25:50","date_gmt":"2025-05-21T08:25:50","guid":{"rendered":"https:\/\/ruotequipe.com\/?post_type=product&#038;p=89576"},"modified":"2025-06-26T09:17:40","modified_gmt":"2025-06-26T08:17:40","slug":"stelvio-156156950","status":"publish","type":"product","link":"https:\/\/ruotequipe.com\/en\/prodotto\/stelvio-156156950\/","title":{"rendered":"STELVIO 156156950"},"content":{"rendered":"<p>Cerchio in lega con design a 5 fori.<\/p>\n<ul>\n<li><strong>Finitura colore:<\/strong> Silver<\/li>\n<li><strong>Misura disponibile:<\/strong> 9j x 21<\/li>\n<li><strong>Codice Originale :<\/strong> 156156950<\/li>\n<li><strong>Disponibile per modello auto:<\/strong> Alfa Romeo Stelvio (NO QV)<\/li>\n<\/ul>\n<p>Tutti i marchi riportati appartengono ai leggitimi proprietari; marchi di terzi, nomi di prodotti, nomi commerciali, nomi corporativi e societ\u00e0 citati possono essere marchi di propriet\u00e0 dei rispettivi titolari o marchi registrati di altre societ\u00e0 e sono stati usati a puro scopo esplicativo ed a beneficio del possessore, senza alcun fine di violazione dei diritti di Copyright vigenti.<\/p>\n","protected":false},"excerpt":{"rendered":"<p>Cerchio in lega con design a 5 fori, disponibile con finitura Silver. Misura 9j x 21, specifico per Alfa Romeo Stelvio (No QV).<\/p>\n","protected":false},"featured_media":89577,"template":"","meta":[],"product_brand":[55],"product_cat":[23,24],"product_tag":[141,56,65,69],"class_list":{"0":"post-89576","1":"product","2":"type-product","3":"status-publish","4":"has-post-thumbnail","6":"product_brand-alfa-romeo","7":"product_cat-cerchi-in-lega","8":"product_cat-originali","9":"product_tag-141","10":"product_tag-alfa-romeo","11":"product_tag-stelvio","12":"product_tag-veloce","13":"pa_colore-silver","14":"pa_marchi-premium-alfa-romeo","15":"pa_misura-47","16":"pa_modello-stelvio","18":"first","19":"instock","20":"shipping-taxable","21":"purchasable","22":"product-type-simple"},"_links":{"self":[{"href":"https:\/\/ruotequipe.com\/en\/wp-json\/wp\/v2\/product\/89576","targetHints":{"allow":["GET"]}}],"collection":[{"href":"https:\/\/ruotequipe.com\/en\/wp-json\/wp\/v2\/product"}],"about":[{"href":"https:\/\/ruotequipe.com\/en\/wp-json\/wp\/v2\/types\/product"}],"wp:featuredmedia":[{"embeddable":true,"href":"https:\/\/ruotequipe.com\/en\/wp-json\/wp\/v2\/media\/89577"}],"wp:attachment":[{"href":"https:\/\/ruotequipe.com\/en\/wp-json\/wp\/v2\/media?parent=89576"}],"wp:term":[{"taxonomy":"product_brand","embeddable":true,"href":"https:\/\/ruotequipe.com\/en\/wp-json\/wp\/v2\/product_brand?post=89576"},{"taxonomy":"product_cat","embeddable":true,"href":"https:\/\/ruotequipe.com\/en\/wp-json\/wp\/v2\/product_cat?post=89576"},{"taxonomy":"product_tag","embeddable":true,"href":"https:\/\/ruotequipe.com\/en\/wp-json\/wp\/v2\/product_tag?post=89576"}],"curies":[{"name":"wp","href":"https:\/\/api.w.org\/{rel}","templated":true}]}}