{"id":89574,"date":"2025-05-20T14:16:05","date_gmt":"2025-05-20T13:16:05","guid":{"rendered":"https:\/\/ruotequipe.com\/?post_type=product&#038;p=89574"},"modified":"2025-06-26T09:17:05","modified_gmt":"2025-06-26T08:17:05","slug":"tonale-50569175","status":"publish","type":"product","link":"https:\/\/ruotequipe.com\/en\/prodotto\/tonale-50569175\/","title":{"rendered":"TONALE 50569175"},"content":{"rendered":"<p>Cerchio in lega con design a 5 fori.<\/p>\n<ul>\n<li><strong>Finitura colore:<\/strong> Anthracite Dark Polished<\/li>\n<li><strong>Misura disponibile:<\/strong> 8j x 20<\/li>\n<li><strong>Codice Originale :<\/strong> 50569175<\/li>\n<li><strong>Disponibile per modello auto:<\/strong> Alfa Romeo Tonale<\/li>\n<\/ul>\n<p>Tutti i marchi riportati appartengono ai leggitimi proprietari; marchi di terzi, nomi di prodotti, nomi commerciali, nomi corporativi e societ\u00e0 citati possono essere marchi di propriet\u00e0 dei rispettivi titolari o marchi registrati di altre societ\u00e0 e sono stati usati a puro scopo esplicativo ed a beneficio del possessore, senza alcun fine di violazione dei diritti di Copyright vigenti.<\/p>\n","protected":false},"excerpt":{"rendered":"<p>Cerchio in lega con design a 5 fori, disponibile con finitura Anthracite Dark Polished. Misura 8j x 20, specifico per Alfa Romeo Tonale.<\/p>\n","protected":false},"featured_media":89575,"template":"","meta":[],"product_brand":[55],"product_cat":[23,24],"product_tag":[124,56,85],"class_list":{"0":"post-89574","1":"product","2":"type-product","3":"status-publish","4":"has-post-thumbnail","6":"product_brand-alfa-romeo","7":"product_cat-cerchi-in-lega","8":"product_cat-originali","9":"product_tag-124","10":"product_tag-alfa-romeo","11":"product_tag-tonale","12":"pa_colore-anthracite-dark-polished","13":"pa_marchi-premium-alfa-romeo","14":"pa_misura-46","15":"pa_modello-tonale","17":"first","18":"instock","19":"featured","20":"shipping-taxable","21":"purchasable","22":"product-type-simple"},"_links":{"self":[{"href":"https:\/\/ruotequipe.com\/en\/wp-json\/wp\/v2\/product\/89574","targetHints":{"allow":["GET"]}}],"collection":[{"href":"https:\/\/ruotequipe.com\/en\/wp-json\/wp\/v2\/product"}],"about":[{"href":"https:\/\/ruotequipe.com\/en\/wp-json\/wp\/v2\/types\/product"}],"wp:featuredmedia":[{"embeddable":true,"href":"https:\/\/ruotequipe.com\/en\/wp-json\/wp\/v2\/media\/89575"}],"wp:attachment":[{"href":"https:\/\/ruotequipe.com\/en\/wp-json\/wp\/v2\/media?parent=89574"}],"wp:term":[{"taxonomy":"product_brand","embeddable":true,"href":"https:\/\/ruotequipe.com\/en\/wp-json\/wp\/v2\/product_brand?post=89574"},{"taxonomy":"product_cat","embeddable":true,"href":"https:\/\/ruotequipe.com\/en\/wp-json\/wp\/v2\/product_cat?post=89574"},{"taxonomy":"product_tag","embeddable":true,"href":"https:\/\/ruotequipe.com\/en\/wp-json\/wp\/v2\/product_tag?post=89574"}],"curies":[{"name":"wp","href":"https:\/\/api.w.org\/{rel}","templated":true}]}}