{"id":89569,"date":"2025-05-20T13:19:28","date_gmt":"2025-05-20T12:19:28","guid":{"rendered":"https:\/\/ruotequipe.com\/?post_type=product&#038;p=89569"},"modified":"2025-06-26T09:16:07","modified_gmt":"2025-06-26T08:16:07","slug":"w25bp","status":"publish","type":"product","link":"https:\/\/ruotequipe.com\/en\/prodotto\/w25bp\/","title":{"rendered":"500 &#8211; W25BP"},"content":{"rendered":"<div id=\"tab-description\" class=\"woocommerce-Tabs-panel woocommerce-Tabs-panel--description panel entry-content wc-tab\" role=\"tabpanel\" aria-labelledby=\"tab-title-description\">\n<div class=\"post-content\">\n<h3 class=\"fusion-woocommerce-tab-title fusion-responsive-typography-calculated\" data-fontsize=\"18\" data-lineheight=\"22.5px\">Descrizione<\/h3>\n<p>Cerchio in lega multirazza.<\/p>\n<ul>\n<li><strong>Finitura colore:<\/strong> Black gloss polished.<\/li>\n<li><strong>Misura disponibile:<\/strong> 6j x 15 e 6,5j x 16.<\/li>\n<li><strong>Disponibile per modello auto:<\/strong> Fiat 500 \/ 500 hybrid\/ 500e Elettrica<\/li>\n<\/ul>\n<p>Tutti i marchi riportati appartengono ai leggitimi proprietari; marchi di terzi, nomi di prodotti, nomi commerciali, nomi corporativi e societ\u00e0 citati possono essere marchi di propriet\u00e0 dei rispettivi titolari o marchi registrati di altre societ\u00e0 e sono stati usati a puro scopo esplicativo ed a beneficio del possessore, senza alcun fine di violazione dei diritti di Copyright vigenti.<\/p>\n<\/div>\n<\/div>\n","protected":false},"excerpt":{"rendered":"<p>Cerchio in lega multirazza, disponibile con finitura Nero Lucido Polished. Misura 6j x 15 e 6,5j x 16, specifico per Fiat 500, 500 hybrid, 500e Elettrica.<\/p>\n","protected":false},"featured_media":89570,"template":"","meta":[],"product_brand":[80],"product_cat":[23,90],"product_tag":[145,146,70,81,82,83,63],"class_list":{"0":"post-89569","1":"product","2":"type-product","3":"status-publish","4":"has-post-thumbnail","6":"product_brand-fiat","7":"product_cat-cerchi-in-lega","8":"product_cat-ricambi-omologati","9":"product_tag-145","10":"product_tag-146","11":"product_tag-70","12":"product_tag-500-hybrid","13":"product_tag-500e","14":"product_tag-elettrica","15":"product_tag-fiat","16":"pa_colore-black-gloss-polished","17":"pa_marchi-premium-fiat","18":"pa_misura-41","19":"pa_misura-42","20":"pa_modello-99","21":"pa_modello-500-hybrid","22":"pa_modello-500e","24":"first","25":"instock","26":"featured","27":"shipping-taxable","28":"purchasable","29":"product-type-variable"},"_links":{"self":[{"href":"https:\/\/ruotequipe.com\/en\/wp-json\/wp\/v2\/product\/89569","targetHints":{"allow":["GET"]}}],"collection":[{"href":"https:\/\/ruotequipe.com\/en\/wp-json\/wp\/v2\/product"}],"about":[{"href":"https:\/\/ruotequipe.com\/en\/wp-json\/wp\/v2\/types\/product"}],"wp:featuredmedia":[{"embeddable":true,"href":"https:\/\/ruotequipe.com\/en\/wp-json\/wp\/v2\/media\/89570"}],"wp:attachment":[{"href":"https:\/\/ruotequipe.com\/en\/wp-json\/wp\/v2\/media?parent=89569"}],"wp:term":[{"taxonomy":"product_brand","embeddable":true,"href":"https:\/\/ruotequipe.com\/en\/wp-json\/wp\/v2\/product_brand?post=89569"},{"taxonomy":"product_cat","embeddable":true,"href":"https:\/\/ruotequipe.com\/en\/wp-json\/wp\/v2\/product_cat?post=89569"},{"taxonomy":"product_tag","embeddable":true,"href":"https:\/\/ruotequipe.com\/en\/wp-json\/wp\/v2\/product_tag?post=89569"}],"curies":[{"name":"wp","href":"https:\/\/api.w.org\/{rel}","templated":true}]}}