{"id":89488,"date":"2025-04-09T11:19:59","date_gmt":"2025-04-09T10:19:59","guid":{"rendered":"https:\/\/ruotequipe.com\/?post_type=product&#038;p=89488"},"modified":"2025-06-26T09:11:11","modified_gmt":"2025-06-26T08:11:11","slug":"stelvio-261q","status":"publish","type":"product","link":"https:\/\/ruotequipe.com\/en\/prodotto\/stelvio-261q\/","title":{"rendered":"STELVIO 261Q"},"content":{"rendered":"<p>Cerchio in lega con design a 5 fori.<\/p>\n<ul>\n<li><strong>Finitura colore:<\/strong> Anthracite Gloss.<\/li>\n<li><strong>Misura disponibile:<\/strong> 9j x 20<\/li>\n<li><strong>Disponibile per modello auto:<\/strong> Alfa Romeo Stelvio (No QV).<\/li>\n<\/ul>\n<p>Tutti i marchi riportati appartengono ai leggitimi proprietari; marchi di terzi, nomi di prodotti, nomi commerciali, nomi corporativi e societ\u00e0 citati possono essere marchi di propriet\u00e0 dei rispettivi titolari o marchi registrati di altre societ\u00e0 e sono stati usati a puro scopo esplicativo ed a beneficio del possessore, senza alcun fine di violazione dei diritti di Copyright vigenti.<\/p>\n","protected":false},"excerpt":{"rendered":"<p>Cerchio in lega con design a 5 fori, disponibile con finitura Anthracite Gloss. Misura 9j x 20, specifico per Alfa Romeo Stelvio (No QV).<\/p>\n","protected":false},"featured_media":89558,"template":"","meta":[],"product_brand":[55],"product_cat":[23,90],"product_tag":[124,56,65,69],"class_list":{"0":"post-89488","1":"product","2":"type-product","3":"status-publish","4":"has-post-thumbnail","6":"product_brand-alfa-romeo","7":"product_cat-cerchi-in-lega","8":"product_cat-ricambi-omologati","9":"product_tag-124","10":"product_tag-alfa-romeo","11":"product_tag-stelvio","12":"product_tag-veloce","13":"pa_colore-anthracite-gloss","14":"pa_marchi-premium-alfa-romeo","15":"pa_misura-46","16":"pa_modello-stelvio","18":"first","19":"instock","20":"featured","21":"shipping-taxable","22":"purchasable","23":"product-type-simple"},"_links":{"self":[{"href":"https:\/\/ruotequipe.com\/en\/wp-json\/wp\/v2\/product\/89488","targetHints":{"allow":["GET"]}}],"collection":[{"href":"https:\/\/ruotequipe.com\/en\/wp-json\/wp\/v2\/product"}],"about":[{"href":"https:\/\/ruotequipe.com\/en\/wp-json\/wp\/v2\/types\/product"}],"wp:featuredmedia":[{"embeddable":true,"href":"https:\/\/ruotequipe.com\/en\/wp-json\/wp\/v2\/media\/89558"}],"wp:attachment":[{"href":"https:\/\/ruotequipe.com\/en\/wp-json\/wp\/v2\/media?parent=89488"}],"wp:term":[{"taxonomy":"product_brand","embeddable":true,"href":"https:\/\/ruotequipe.com\/en\/wp-json\/wp\/v2\/product_brand?post=89488"},{"taxonomy":"product_cat","embeddable":true,"href":"https:\/\/ruotequipe.com\/en\/wp-json\/wp\/v2\/product_cat?post=89488"},{"taxonomy":"product_tag","embeddable":true,"href":"https:\/\/ruotequipe.com\/en\/wp-json\/wp\/v2\/product_tag?post=89488"}],"curies":[{"name":"wp","href":"https:\/\/api.w.org\/{rel}","templated":true}]}}